{"id":2682,"date":"2022-06-10T09:28:11","date_gmt":"2022-06-10T09:28:11","guid":{"rendered":"https:\/\/ariagroup.io\/aria-staging-2\/?page_id=2682"},"modified":"2022-11-10T10:46:35","modified_gmt":"2022-11-10T10:46:35","slug":"aria-for-media-press","status":"publish","type":"page","link":"https:\/\/ariagroup.io\/aria-staging-2\/aria-for-media-press\/","title":{"rendered":"ARIA for Media &#038; Press"},"content":{"rendered":"","protected":false},"excerpt":{"rendered":"","protected":false},"author":9,"featured_media":2478,"parent":0,"menu_order":0,"comment_status":"closed","ping_status":"closed","template":"","meta":{"content-type":"","inline_featured_image":false,"footnotes":""},"class_list":["post-2682","page","type-page","status-publish","has-post-thumbnail","hentry"],"yoast_head":"<!-- This site is optimized with the Yoast SEO plugin v26.0 - https:\/\/yoast.com\/wordpress\/plugins\/seo\/ -->\n<title>ARIA for Media &amp; Press<\/title>\n<meta name=\"description\" content=\"ARIA est expert de la gestion de l\u2019exp\u00e9rience client, de la g\u00e9n\u00e9ration de prospects. ARIA se place en tant que partenaire du succ\u00e8s des acteurs du secteur Media &amp; Press.\" \/>\n<meta name=\"robots\" content=\"index, follow, max-snippet:-1, max-image-preview:large, max-video-preview:-1\" \/>\n<link rel=\"canonical\" href=\"https:\/\/ariagroup.io\/aria-for-media-press\/\" \/>\n<meta property=\"og:locale\" content=\"en_US\" \/>\n<meta property=\"og:type\" content=\"article\" \/>\n<meta property=\"og:title\" content=\"ARIA for Media &amp; Press\" \/>\n<meta property=\"og:description\" content=\"ARIA est expert de la gestion de l\u2019exp\u00e9rience client, de la g\u00e9n\u00e9ration de prospects. ARIA se place en tant que partenaire du succ\u00e8s des acteurs du secteur Media &amp; Press.\" \/>\n<meta property=\"og:url\" content=\"https:\/\/ariagroup.io\/aria-for-media-press\/\" \/>\n<meta property=\"og:site_name\" content=\"Aria Group\" \/>\n<meta property=\"article:modified_time\" content=\"2022-11-10T10:46:35+00:00\" \/>\n<meta property=\"og:image\" content=\"https:\/\/ariagroup.io\/wp-content\/uploads\/2022\/04\/top-view-of-manager-woman-analyzing-financial-paperwork-strategy-typing-expertise-on-laptop-1.jpg\" \/>\n\t<meta property=\"og:image:width\" content=\"1920\" \/>\n\t<meta property=\"og:image:height\" content=\"1080\" \/>\n\t<meta property=\"og:image:type\" content=\"image\/jpeg\" \/>\n<meta name=\"twitter:card\" content=\"summary_large_image\" \/>\n<script type=\"application\/ld+json\" class=\"yoast-schema-graph\">{\"@context\":\"https:\/\/schema.org\",\"@graph\":[{\"@type\":\"WebPage\",\"@id\":\"https:\/\/ariagroup.io\/aria-for-media-press\/\",\"url\":\"https:\/\/ariagroup.io\/aria-for-media-press\/\",\"name\":\"ARIA for Media & Press\",\"isPartOf\":{\"@id\":\"https:\/\/ariagroup.io\/#website\"},\"primaryImageOfPage\":{\"@id\":\"https:\/\/ariagroup.io\/aria-for-media-press\/#primaryimage\"},\"image\":{\"@id\":\"https:\/\/ariagroup.io\/aria-for-media-press\/#primaryimage\"},\"thumbnailUrl\":\"https:\/\/ariagroup.io\/aria-staging-2\/wp-content\/uploads\/2022\/04\/top-view-of-manager-woman-analyzing-financial-paperwork-strategy-typing-expertise-on-laptop-1.jpg\",\"datePublished\":\"2022-06-10T09:28:11+00:00\",\"dateModified\":\"2022-11-10T10:46:35+00:00\",\"description\":\"ARIA est expert de la gestion de l\u2019exp\u00e9rience client, de la g\u00e9n\u00e9ration de prospects. ARIA se place en tant que partenaire du succ\u00e8s des acteurs du secteur Media & Press.\",\"breadcrumb\":{\"@id\":\"https:\/\/ariagroup.io\/aria-for-media-press\/#breadcrumb\"},\"inLanguage\":\"en-US\",\"potentialAction\":[{\"@type\":\"ReadAction\",\"target\":[\"https:\/\/ariagroup.io\/aria-for-media-press\/\"]}]},{\"@type\":\"ImageObject\",\"inLanguage\":\"en-US\",\"@id\":\"https:\/\/ariagroup.io\/aria-for-media-press\/#primaryimage\",\"url\":\"https:\/\/ariagroup.io\/aria-staging-2\/wp-content\/uploads\/2022\/04\/top-view-of-manager-woman-analyzing-financial-paperwork-strategy-typing-expertise-on-laptop-1.jpg\",\"contentUrl\":\"https:\/\/ariagroup.io\/aria-staging-2\/wp-content\/uploads\/2022\/04\/top-view-of-manager-woman-analyzing-financial-paperwork-strategy-typing-expertise-on-laptop-1.jpg\",\"width\":1920,\"height\":1080,\"caption\":\"Bureau\"},{\"@type\":\"BreadcrumbList\",\"@id\":\"https:\/\/ariagroup.io\/aria-for-media-press\/#breadcrumb\",\"itemListElement\":[{\"@type\":\"ListItem\",\"position\":1,\"name\":\"Home\",\"item\":\"https:\/\/ariagroup.io\/\"},{\"@type\":\"ListItem\",\"position\":2,\"name\":\"ARIA for Media &#038; Press\"}]},{\"@type\":\"WebSite\",\"@id\":\"https:\/\/ariagroup.io\/#website\",\"url\":\"https:\/\/ariagroup.io\/\",\"name\":\"Aria Group\",\"description\":\"Committed to perform\",\"potentialAction\":[{\"@type\":\"SearchAction\",\"target\":{\"@type\":\"EntryPoint\",\"urlTemplate\":\"https:\/\/ariagroup.io\/?s={search_term_string}\"},\"query-input\":{\"@type\":\"PropertyValueSpecification\",\"valueRequired\":true,\"valueName\":\"search_term_string\"}}],\"inLanguage\":\"en-US\"}]}<\/script>\n<!-- \/ Yoast SEO plugin. -->","yoast_head_json":{"title":"ARIA for Media & Press","description":"ARIA est expert de la gestion de l\u2019exp\u00e9rience client, de la g\u00e9n\u00e9ration de prospects. ARIA se place en tant que partenaire du succ\u00e8s des acteurs du secteur Media & Press.","robots":{"index":"index","follow":"follow","max-snippet":"max-snippet:-1","max-image-preview":"max-image-preview:large","max-video-preview":"max-video-preview:-1"},"canonical":"https:\/\/ariagroup.io\/aria-for-media-press\/","og_locale":"en_US","og_type":"article","og_title":"ARIA for Media & Press","og_description":"ARIA est expert de la gestion de l\u2019exp\u00e9rience client, de la g\u00e9n\u00e9ration de prospects. ARIA se place en tant que partenaire du succ\u00e8s des acteurs du secteur Media & Press.","og_url":"https:\/\/ariagroup.io\/aria-for-media-press\/","og_site_name":"Aria Group","article_modified_time":"2022-11-10T10:46:35+00:00","og_image":[{"width":1920,"height":1080,"url":"https:\/\/ariagroup.io\/wp-content\/uploads\/2022\/04\/top-view-of-manager-woman-analyzing-financial-paperwork-strategy-typing-expertise-on-laptop-1.jpg","type":"image\/jpeg"}],"twitter_card":"summary_large_image","schema":{"@context":"https:\/\/schema.org","@graph":[{"@type":"WebPage","@id":"https:\/\/ariagroup.io\/aria-for-media-press\/","url":"https:\/\/ariagroup.io\/aria-for-media-press\/","name":"ARIA for Media & Press","isPartOf":{"@id":"https:\/\/ariagroup.io\/#website"},"primaryImageOfPage":{"@id":"https:\/\/ariagroup.io\/aria-for-media-press\/#primaryimage"},"image":{"@id":"https:\/\/ariagroup.io\/aria-for-media-press\/#primaryimage"},"thumbnailUrl":"https:\/\/ariagroup.io\/aria-staging-2\/wp-content\/uploads\/2022\/04\/top-view-of-manager-woman-analyzing-financial-paperwork-strategy-typing-expertise-on-laptop-1.jpg","datePublished":"2022-06-10T09:28:11+00:00","dateModified":"2022-11-10T10:46:35+00:00","description":"ARIA est expert de la gestion de l\u2019exp\u00e9rience client, de la g\u00e9n\u00e9ration de prospects. ARIA se place en tant que partenaire du succ\u00e8s des acteurs du secteur Media & Press.","breadcrumb":{"@id":"https:\/\/ariagroup.io\/aria-for-media-press\/#breadcrumb"},"inLanguage":"en-US","potentialAction":[{"@type":"ReadAction","target":["https:\/\/ariagroup.io\/aria-for-media-press\/"]}]},{"@type":"ImageObject","inLanguage":"en-US","@id":"https:\/\/ariagroup.io\/aria-for-media-press\/#primaryimage","url":"https:\/\/ariagroup.io\/aria-staging-2\/wp-content\/uploads\/2022\/04\/top-view-of-manager-woman-analyzing-financial-paperwork-strategy-typing-expertise-on-laptop-1.jpg","contentUrl":"https:\/\/ariagroup.io\/aria-staging-2\/wp-content\/uploads\/2022\/04\/top-view-of-manager-woman-analyzing-financial-paperwork-strategy-typing-expertise-on-laptop-1.jpg","width":1920,"height":1080,"caption":"Bureau"},{"@type":"BreadcrumbList","@id":"https:\/\/ariagroup.io\/aria-for-media-press\/#breadcrumb","itemListElement":[{"@type":"ListItem","position":1,"name":"Home","item":"https:\/\/ariagroup.io\/"},{"@type":"ListItem","position":2,"name":"ARIA for Media &#038; Press"}]},{"@type":"WebSite","@id":"https:\/\/ariagroup.io\/#website","url":"https:\/\/ariagroup.io\/","name":"Aria Group","description":"Committed to perform","potentialAction":[{"@type":"SearchAction","target":{"@type":"EntryPoint","urlTemplate":"https:\/\/ariagroup.io\/?s={search_term_string}"},"query-input":{"@type":"PropertyValueSpecification","valueRequired":true,"valueName":"search_term_string"}}],"inLanguage":"en-US"}]}},"_links":{"self":[{"href":"https:\/\/ariagroup.io\/aria-staging-2\/wp-json\/wp\/v2\/pages\/2682","targetHints":{"allow":["GET"]}}],"collection":[{"href":"https:\/\/ariagroup.io\/aria-staging-2\/wp-json\/wp\/v2\/pages"}],"about":[{"href":"https:\/\/ariagroup.io\/aria-staging-2\/wp-json\/wp\/v2\/types\/page"}],"author":[{"embeddable":true,"href":"https:\/\/ariagroup.io\/aria-staging-2\/wp-json\/wp\/v2\/users\/9"}],"replies":[{"embeddable":true,"href":"https:\/\/ariagroup.io\/aria-staging-2\/wp-json\/wp\/v2\/comments?post=2682"}],"version-history":[{"count":1,"href":"https:\/\/ariagroup.io\/aria-staging-2\/wp-json\/wp\/v2\/pages\/2682\/revisions"}],"predecessor-version":[{"id":2687,"href":"https:\/\/ariagroup.io\/aria-staging-2\/wp-json\/wp\/v2\/pages\/2682\/revisions\/2687"}],"wp:featuredmedia":[{"embeddable":true,"href":"https:\/\/ariagroup.io\/aria-staging-2\/wp-json\/wp\/v2\/media\/2478"}],"wp:attachment":[{"href":"https:\/\/ariagroup.io\/aria-staging-2\/wp-json\/wp\/v2\/media?parent=2682"}],"curies":[{"name":"wp","href":"https:\/\/api.w.org\/{rel}","templated":true}]}}